{"id":876,"date":"2022-08-10T08:56:45","date_gmt":"2022-08-10T08:56:45","guid":{"rendered":"http:\/\/www.humanidadesdigitales.es\/?page_id=876"},"modified":"2022-08-10T08:57:27","modified_gmt":"2022-08-10T08:57:27","slug":"como-usar-las-tic-en-humanidades","status":"publish","type":"page","link":"http:\/\/www.humanidadesdigitales.es\/?page_id=876","title":{"rendered":"\u00bfC\u00f3mo usar las TIC en humanidades?"},"content":{"rendered":"<h3><a href=\"http:\/\/www.humanidadesdigitales.es\/wp-content\/uploads\/2022\/08\/Confucio_Cita.001_1.jpeg\"><img loading=\"lazy\" class=\"size-full wp-image-998 aligncenter\" src=\"http:\/\/www.humanidadesdigitales.es\/wp-content\/uploads\/2022\/08\/Confucio_Cita.001_1.jpeg\" alt=\"\" width=\"1024\" height=\"768\" srcset=\"http:\/\/www.humanidadesdigitales.es\/wp-content\/uploads\/2022\/08\/Confucio_Cita.001_1.jpeg 1024w, http:\/\/www.humanidadesdigitales.es\/wp-content\/uploads\/2022\/08\/Confucio_Cita.001_1-300x225.jpeg 300w, http:\/\/www.humanidadesdigitales.es\/wp-content\/uploads\/2022\/08\/Confucio_Cita.001_1-768x576.jpeg 768w, http:\/\/www.humanidadesdigitales.es\/wp-content\/uploads\/2022\/08\/Confucio_Cita.001_1-600x450.jpeg 600w, http:\/\/www.humanidadesdigitales.es\/wp-content\/uploads\/2022\/08\/Confucio_Cita.001_1-945x709.jpeg 945w\" sizes=\"(max-width: 1024px) 100vw, 1024px\" \/><\/a><\/h3>\n<h3><a href=\"https:\/\/www.humanidadesdigitales.es\/cursoHerramientasSocialesCompleto\/index.html\" target=\"_blank\" rel=\"noopener\">Aqu\u00ed<\/a> puedes ver material utilizado en un curso que impart\u00ed para CEP M\u00e1laga, donde propon\u00eda herramientas y estrategias para usar las TIC en humanidades.<\/h3>\n","protected":false},"excerpt":{"rendered":"<p>Aqu\u00ed puedes ver material utilizado en un curso que impart\u00ed para CEP M\u00e1laga, donde propon\u00eda herramientas y estrategias para usar las TIC en humanidades.<\/p>\n","protected":false},"author":1,"featured_media":0,"parent":0,"menu_order":0,"comment_status":"closed","ping_status":"closed","template":"","meta":[],"jetpack_sharing_enabled":true,"jetpack_shortlink":"https:\/\/wp.me\/P4Qdy0-e8","_links":{"self":[{"href":"http:\/\/www.humanidadesdigitales.es\/index.php?rest_route=\/wp\/v2\/pages\/876"}],"collection":[{"href":"http:\/\/www.humanidadesdigitales.es\/index.php?rest_route=\/wp\/v2\/pages"}],"about":[{"href":"http:\/\/www.humanidadesdigitales.es\/index.php?rest_route=\/wp\/v2\/types\/page"}],"author":[{"embeddable":true,"href":"http:\/\/www.humanidadesdigitales.es\/index.php?rest_route=\/wp\/v2\/users\/1"}],"replies":[{"embeddable":true,"href":"http:\/\/www.humanidadesdigitales.es\/index.php?rest_route=%2Fwp%2Fv2%2Fcomments&post=876"}],"version-history":[{"count":4,"href":"http:\/\/www.humanidadesdigitales.es\/index.php?rest_route=\/wp\/v2\/pages\/876\/revisions"}],"predecessor-version":[{"id":1000,"href":"http:\/\/www.humanidadesdigitales.es\/index.php?rest_route=\/wp\/v2\/pages\/876\/revisions\/1000"}],"wp:attachment":[{"href":"http:\/\/www.humanidadesdigitales.es\/index.php?rest_route=%2Fwp%2Fv2%2Fmedia&parent=876"}],"curies":[{"name":"wp","href":"https:\/\/api.w.org\/{rel}","templated":true}]}}