{"id":54,"date":"2014-07-24T10:01:18","date_gmt":"2014-07-24T10:01:18","guid":{"rendered":"http:\/\/www.humanidadesdigitales.es\/?page_id=54"},"modified":"2022-08-08T10:16:12","modified_gmt":"2022-08-08T10:16:12","slug":"sobre-este-blog","status":"publish","type":"page","link":"http:\/\/www.humanidadesdigitales.es\/?page_id=54","title":{"rendered":"Sobre este blog"},"content":{"rendered":"<p><iframe loading=\"lazy\" title=\"YouTube video player\" src=\"\/\/www.youtube.com\/embed\/Av4pF1bhRD4\" width=\"1120\" height=\"630\" frameborder=\"0\" allowfullscreen=\"allowfullscreen\"><\/iframe><\/p>\n<p style=\"text-align: left;\"><em><strong>\u00a0 \u00a0Mucha gente tiene la intuici\u00f3n de que el paradigma digital afectar\u00e1, m\u00e1s pronto que tarde, a todas las \u00e1reas del conocimiento. Sin embargo, las humanidades parece que est\u00e1n tardando algo m\u00e1s en generalizar el uso de las TIC, al menos en su vertiente educativa. Este blog surge con el prop\u00f3sito de mostrar que las humanidades, \u00a0tienen mucho que ganar si se suman a esta tendencia. Voy a intentar ir poniendo algunos ejemplos de ello seg\u00fan vamos avanzando en las clases diarias. La mayor\u00eda de los ejemplos utilizan el \u00e1rea de la filosof\u00eda en el nivel no universitario. En todos los casos son proyectos llevados a cabo en clase por parte de mi alumnado. Si quieres m\u00e1s detalles puedes contactar en @estebanllorens<\/strong><\/em><\/p>\n<p>&nbsp;<\/p>\n<p><img loading=\"lazy\" class=\"aligncenter size-full\" src=\"http:\/\/www.humanidadesdigitales.es\/wp-content\/uploads\/2014\/07\/tpac_SIMO.png\" width=\"1003\" height=\"729\" \/><\/p>\n<p>&nbsp;<\/p>\n","protected":false},"excerpt":{"rendered":"<p>\u00a0 \u00a0Mucha gente tiene la intuici\u00f3n de que el paradigma digital afectar\u00e1, m\u00e1s pronto que tarde, a todas las \u00e1reas del conocimiento. Sin embargo, las humanidades parece que est\u00e1n tardando algo m\u00e1s en generalizar el uso de las TIC, al&#8230; <a class=\"more-link\" href=\"http:\/\/www.humanidadesdigitales.es\/?page_id=54\">Seguir leyendo &rarr;<\/a><\/p>\n","protected":false},"author":1,"featured_media":0,"parent":0,"menu_order":0,"comment_status":"closed","ping_status":"open","template":"template-fullwidth.php","meta":[],"jetpack_sharing_enabled":true,"jetpack_shortlink":"https:\/\/wp.me\/P4Qdy0-S","_links":{"self":[{"href":"http:\/\/www.humanidadesdigitales.es\/index.php?rest_route=\/wp\/v2\/pages\/54"}],"collection":[{"href":"http:\/\/www.humanidadesdigitales.es\/index.php?rest_route=\/wp\/v2\/pages"}],"about":[{"href":"http:\/\/www.humanidadesdigitales.es\/index.php?rest_route=\/wp\/v2\/types\/page"}],"author":[{"embeddable":true,"href":"http:\/\/www.humanidadesdigitales.es\/index.php?rest_route=\/wp\/v2\/users\/1"}],"replies":[{"embeddable":true,"href":"http:\/\/www.humanidadesdigitales.es\/index.php?rest_route=%2Fwp%2Fv2%2Fcomments&post=54"}],"version-history":[{"count":22,"href":"http:\/\/www.humanidadesdigitales.es\/index.php?rest_route=\/wp\/v2\/pages\/54\/revisions"}],"predecessor-version":[{"id":893,"href":"http:\/\/www.humanidadesdigitales.es\/index.php?rest_route=\/wp\/v2\/pages\/54\/revisions\/893"}],"wp:attachment":[{"href":"http:\/\/www.humanidadesdigitales.es\/index.php?rest_route=%2Fwp%2Fv2%2Fmedia&parent=54"}],"curies":[{"name":"wp","href":"https:\/\/api.w.org\/{rel}","templated":true}]}}